{"id":2,"date":"2021-07-13T12:46:10","date_gmt":"2021-07-13T15:46:10","guid":{"rendered":"http:\/\/carloslopes.programandosolucoes.com.br\/?page_id=2"},"modified":"2026-02-13T12:23:14","modified_gmt":"2026-02-13T15:23:14","slug":"pagina-exemplo","status":"publish","type":"page","link":"https:\/\/carloslopes.programandosolucoes.com.br\/","title":{"rendered":"Apresenta\u00e7\u00e3o"},"content":{"rendered":"\n<p>Ol\u00e1 sou Carlos Alberto, trabalho a mais de 15 anos da \u00e1rea de T.I. passando de <strong>Infraestrutura de Servidores Cloud Computing<\/strong> , desenvolvimento de produtos de<strong> Telecom de voz (SIP\/WEBRTC)<\/strong>, programador<strong> FULLSTACK<\/strong> e <strong>DBA<\/strong> por com atividades em <strong>BI<\/strong>.<\/p>\n\n\n\n<p>Aqui compartilho assuntos que tenho interesse em algumas postagens , conhecimentos que possuo e maiores detalhes t\u00e9cnicos que criei com o passar do tempo (na wiki).<\/p>\n\n\n\n<p>Fique a vontade a acessar meu perfil pessoal no linkedin (ao lado), como tamb\u00e9m acessar meu atual curriculum (ao lado tamb\u00e9m).<\/p>\n\n\n\n<p>*Recomenda\u00e7\u00e3o pesquise no Google ca4ti ou carlosalberto4ti, ir\u00e1 me achar em v\u00e1rios lugares rsrsrr, segue o(s) link(s): <\/p>\n\n\n\n<p><a href=\"https:\/\/www.google.com\/search?q=carlosalberto4ti\">Google carlosalberto4ti<\/a><\/p>\n\n\n\n<p><a href=\"https:\/\/www.google.com\/search?q=ca4ti\">Google ca4ti<\/a><\/p>\n\n\n\n<p>Att<\/p>\n\n\n\n<p>Carlos Alberto<br><br><\/p>\n\n\n\n<!-- Zib Widget - Licen\u00e7a Protegida -->\n<script>\n  window.ZibConfig = { \n    apiUrl: \"https:\/\/app.zib.chat\"\n  };\n<\/script>\n<script src=\"https:\/\/app.zib.chat\/widget.js?license=eyJhbGciOiJIUzI1NiIsInR5cCI6IkpXVCJ9.eyJpbnRlZ3JhdGlvbklkIjoiOTg5ZDY4YWItNWJiMC00ZWMyLTgzNGEtZDQ3M2I5OWU5NzYzIiwiYWNjb3VudElkIjoiODU3OTA0OGYtZTc3Yi00ZDg0LWJjMGMtODNhYmI2ODllMWFmIiwid2Vic2l0ZVVybCI6Imh0dHBzOi8vcHJvZ3JhbWFuZG9zb2x1Y29lcy5jb20uYnIvIiwiaWF0IjoxNzcwOTk1NjM5fQ.SOXDyvx9wuC8GaB_lUUGzkEh7lCWBJph8yoiWy8ANTQ\" async><\/script>\n\n\n\n<p><\/p>\n","protected":false},"excerpt":{"rendered":"<p>Ol\u00e1 sou Carlos Alberto, trabalho a mais de 15 anos da \u00e1rea de T.I. passando de Infraestrutura de Servidores Cloud Computing , desenvolvimento de produtos de Telecom de voz (SIP\/WEBRTC), programador FULLSTACK e DBA por com atividades em BI. Aqui compartilho assuntos que tenho interesse em algumas postagens , conhecimentos que possuo e maiores detalhes [&hellip;]<\/p>\n","protected":false},"author":1,"featured_media":0,"parent":0,"menu_order":0,"comment_status":"closed","ping_status":"closed","template":"","meta":{"footnotes":""},"class_list":["post-2","page","type-page","status-publish","hentry"],"translation":{"provider":"WPGlobus","version":"3.0.2","language":"en","enabled_languages":["en","br","it"],"languages":{"en":{"title":true,"content":true,"excerpt":false},"br":{"title":false,"content":false,"excerpt":false},"it":{"title":false,"content":false,"excerpt":false}}},"_links":{"self":[{"href":"https:\/\/carloslopes.programandosolucoes.com.br\/index.php\/wp-json\/wp\/v2\/pages\/2","targetHints":{"allow":["GET"]}}],"collection":[{"href":"https:\/\/carloslopes.programandosolucoes.com.br\/index.php\/wp-json\/wp\/v2\/pages"}],"about":[{"href":"https:\/\/carloslopes.programandosolucoes.com.br\/index.php\/wp-json\/wp\/v2\/types\/page"}],"author":[{"embeddable":true,"href":"https:\/\/carloslopes.programandosolucoes.com.br\/index.php\/wp-json\/wp\/v2\/users\/1"}],"replies":[{"embeddable":true,"href":"https:\/\/carloslopes.programandosolucoes.com.br\/index.php\/wp-json\/wp\/v2\/comments?post=2"}],"version-history":[{"count":10,"href":"https:\/\/carloslopes.programandosolucoes.com.br\/index.php\/wp-json\/wp\/v2\/pages\/2\/revisions"}],"predecessor-version":[{"id":555,"href":"https:\/\/carloslopes.programandosolucoes.com.br\/index.php\/wp-json\/wp\/v2\/pages\/2\/revisions\/555"}],"wp:attachment":[{"href":"https:\/\/carloslopes.programandosolucoes.com.br\/index.php\/wp-json\/wp\/v2\/media?parent=2"}],"curies":[{"name":"wp","href":"https:\/\/api.w.org\/{rel}","templated":true}]}}