{"id":178,"date":"2022-06-22T14:39:10","date_gmt":"2022-06-22T17:39:10","guid":{"rendered":"lightskyblue-goldfish-488616.hostingersite.com?page_id=178"},"modified":"2022-07-20T09:21:11","modified_gmt":"2022-07-20T12:21:11","slug":"segue-todas-as-minhas-graduacoes","status":"publish","type":"page","link":"https:\/\/carloslopes.programandosolucoes.com.br\/br\/index.php\/segue-todas-as-minhas-graduacoes\/","title":{"rendered":"Gradua\u00e7\u00f5es"},"content":{"rendered":"\n<figure class=\"wp-block-gallery has-nested-images columns-default wp-block-gallery-1 is-layout-flex wp-block-gallery-is-layout-flex\">\n<figure class=\"wp-block-image size-full\"><a href=\"carloslopes.programandosolucoes.com.brwp-content\/uploads\/2022\/06\/faculdade-gestaao-de-T.I.-1-rotated.jpg\" target=\"_blank\" rel=\"noopener\"><img loading=\"lazy\" decoding=\"async\" width=\"1755\" height=\"1240\" data-id=\"168\" src=\"carloslopes.programandosolucoes.com.brwp-content\/uploads\/2022\/06\/faculdade-gestaao-de-T.I.-1-rotated.jpg\" alt=\"\" class=\"wp-image-168\" srcset=\"https:\/\/carloslopes.programandosolucoes.com.br\/wp-content\/uploads\/2022\/06\/faculdade-gestaao-de-T.I.-1-rotated.jpg 1755w, https:\/\/carloslopes.programandosolucoes.com.br\/wp-content\/uploads\/2022\/06\/faculdade-gestaao-de-T.I.-1-rotated-300x212.jpg 300w, https:\/\/carloslopes.programandosolucoes.com.br\/wp-content\/uploads\/2022\/06\/faculdade-gestaao-de-T.I.-1-rotated-1024x724.jpg 1024w, https:\/\/carloslopes.programandosolucoes.com.br\/wp-content\/uploads\/2022\/06\/faculdade-gestaao-de-T.I.-1-rotated-768x543.jpg 768w, https:\/\/carloslopes.programandosolucoes.com.br\/wp-content\/uploads\/2022\/06\/faculdade-gestaao-de-T.I.-1-rotated-1536x1085.jpg 1536w\" sizes=\"auto, (max-width: 1755px) 100vw, 1755px\" \/><\/a><\/figure>\n\n\n\n<figure class=\"wp-block-image size-full\"><a href=\"carloslopes.programandosolucoes.com.brwp-content\/uploads\/2022\/06\/sistema-da-informacao-cursando-edited.jpg\" target=\"_blank\" rel=\"noopener\"><img loading=\"lazy\" decoding=\"async\" width=\"1240\" height=\"930\" data-id=\"169\" src=\"carloslopes.programandosolucoes.com.brwp-content\/uploads\/2022\/06\/sistema-da-informacao-cursando-edited.jpg\" alt=\"\" class=\"wp-image-169\" srcset=\"https:\/\/carloslopes.programandosolucoes.com.br\/wp-content\/uploads\/2022\/06\/sistema-da-informacao-cursando-edited.jpg 1240w, https:\/\/carloslopes.programandosolucoes.com.br\/wp-content\/uploads\/2022\/06\/sistema-da-informacao-cursando-edited-300x225.jpg 300w, https:\/\/carloslopes.programandosolucoes.com.br\/wp-content\/uploads\/2022\/06\/sistema-da-informacao-cursando-edited-1024x768.jpg 1024w, https:\/\/carloslopes.programandosolucoes.com.br\/wp-content\/uploads\/2022\/06\/sistema-da-informacao-cursando-edited-768x576.jpg 768w\" sizes=\"auto, (max-width: 1240px) 100vw, 1240px\" \/><\/a><\/figure>\n\n\n\n<figure class=\"wp-block-image size-full\"><a href=\"carloslopes.programandosolucoes.com.brwp-content\/uploads\/2022\/07\/CERTIFICADO-DE-CONCLUSAO-DE-CURSO-CARLOS-ALBERTO-DOS-SANTOS-LOPES-BANCO-DE-DADOS-18472-assinado.jpg\" target=\"_blank\" rel=\"noopener\"><img loading=\"lazy\" decoding=\"async\" width=\"1024\" height=\"719\" data-id=\"389\" src=\"carloslopes.programandosolucoes.com.brwp-content\/uploads\/2022\/07\/CERTIFICADO-DE-CONCLUSAO-DE-CURSO-CARLOS-ALBERTO-DOS-SANTOS-LOPES-BANCO-DE-DADOS-18472-assinado-1024x719.jpg\" alt=\"\" class=\"wp-image-389\" srcset=\"https:\/\/carloslopes.programandosolucoes.com.br\/wp-content\/uploads\/2022\/07\/CERTIFICADO-DE-CONCLUSAO-DE-CURSO-CARLOS-ALBERTO-DOS-SANTOS-LOPES-BANCO-DE-DADOS-18472-assinado-1024x719.jpg 1024w, https:\/\/carloslopes.programandosolucoes.com.br\/wp-content\/uploads\/2022\/07\/CERTIFICADO-DE-CONCLUSAO-DE-CURSO-CARLOS-ALBERTO-DOS-SANTOS-LOPES-BANCO-DE-DADOS-18472-assinado-300x211.jpg 300w, https:\/\/carloslopes.programandosolucoes.com.br\/wp-content\/uploads\/2022\/07\/CERTIFICADO-DE-CONCLUSAO-DE-CURSO-CARLOS-ALBERTO-DOS-SANTOS-LOPES-BANCO-DE-DADOS-18472-assinado-768x539.jpg 768w, https:\/\/carloslopes.programandosolucoes.com.br\/wp-content\/uploads\/2022\/07\/CERTIFICADO-DE-CONCLUSAO-DE-CURSO-CARLOS-ALBERTO-DOS-SANTOS-LOPES-BANCO-DE-DADOS-18472-assinado.jpg 1066w\" sizes=\"auto, (max-width: 1024px) 100vw, 1024px\" \/><\/a><\/figure>\n<figcaption class=\"blocks-gallery-caption\">Gradua\u00e7\u00e3o t\u00e9cnica e Gradua\u00e7\u00e3o bacharelado<\/figcaption><\/figure>\n","protected":false},"excerpt":{"rendered":"","protected":false},"author":1,"featured_media":0,"parent":0,"menu_order":0,"comment_status":"closed","ping_status":"closed","template":"","meta":{"footnotes":""},"class_list":["post-178","page","type-page","status-publish","hentry"],"translation":{"provider":"WPGlobus","version":"3.0.2","language":"br","enabled_languages":["en","br","it"],"languages":{"en":{"title":true,"content":true,"excerpt":false},"br":{"title":false,"content":false,"excerpt":false},"it":{"title":false,"content":false,"excerpt":false}}},"_links":{"self":[{"href":"https:\/\/carloslopes.programandosolucoes.com.br\/br\/index.php\/wp-json\/wp\/v2\/pages\/178","targetHints":{"allow":["GET"]}}],"collection":[{"href":"https:\/\/carloslopes.programandosolucoes.com.br\/br\/index.php\/wp-json\/wp\/v2\/pages"}],"about":[{"href":"https:\/\/carloslopes.programandosolucoes.com.br\/br\/index.php\/wp-json\/wp\/v2\/types\/page"}],"author":[{"embeddable":true,"href":"https:\/\/carloslopes.programandosolucoes.com.br\/br\/index.php\/wp-json\/wp\/v2\/users\/1"}],"replies":[{"embeddable":true,"href":"https:\/\/carloslopes.programandosolucoes.com.br\/br\/index.php\/wp-json\/wp\/v2\/comments?post=178"}],"version-history":[{"count":5,"href":"https:\/\/carloslopes.programandosolucoes.com.br\/br\/index.php\/wp-json\/wp\/v2\/pages\/178\/revisions"}],"predecessor-version":[{"id":390,"href":"https:\/\/carloslopes.programandosolucoes.com.br\/br\/index.php\/wp-json\/wp\/v2\/pages\/178\/revisions\/390"}],"wp:attachment":[{"href":"https:\/\/carloslopes.programandosolucoes.com.br\/br\/index.php\/wp-json\/wp\/v2\/media?parent=178"}],"curies":[{"name":"wp","href":"https:\/\/api.w.org\/{rel}","templated":true}]}}